{"id":3192,"date":"2024-04-28T08:44:12","date_gmt":"2024-04-28T08:44:12","guid":{"rendered":"https:\/\/bregenzer.eu\/?page_id=3192"},"modified":"2024-07-11T11:38:09","modified_gmt":"2024-07-11T11:38:09","slug":"backlog-visualisierung-experimente","status":"publish","type":"page","link":"https:\/\/bregenzer.eu\/en\/backlog-visualisierung-experimente","title":{"rendered":"Backlog Visualization Experiments"},"content":{"rendered":"<div data-elementor-type=\"wp-page\" data-elementor-id=\"3192\" class=\"elementor elementor-3192\">\n\t\t\t\t\t\t<section class=\"elementor-section elementor-top-section elementor-element elementor-element-a07e056 elementor-section-boxed elementor-section-height-default elementor-section-height-default\" data-id=\"a07e056\" data-element_type=\"section\" data-e-type=\"section\">\n\t\t\t\t\t\t<div class=\"elementor-container elementor-column-gap-default\">\n\t\t\t\t\t<div class=\"elementor-column elementor-col-100 elementor-top-column elementor-element elementor-element-f00d958\" data-id=\"f00d958\" data-element_type=\"column\" data-e-type=\"column\">\n\t\t\t<div class=\"elementor-widget-wrap elementor-element-populated\">\n\t\t\t\t\t\t<div class=\"elementor-element elementor-element-8674f7d elementor-widget elementor-widget-text-editor\" data-id=\"8674f7d\" data-element_type=\"widget\" data-e-type=\"widget\" data-widget_type=\"text-editor.default\">\n\t\t\t\t<div class=\"elementor-widget-container\">\n\t\t\t\t\t\t\t\t\t<h1>Backlog Visualization Experiments<\/h1>\t\t\t\t\t\t\t\t<\/div>\n\t\t\t\t<\/div>\n\t\t\t\t<section class=\"elementor-section elementor-inner-section elementor-element elementor-element-3c7ae62 elementor-section-boxed elementor-section-height-default elementor-section-height-default\" data-id=\"3c7ae62\" data-element_type=\"section\" data-e-type=\"section\">\n\t\t\t\t\t\t<div class=\"elementor-container elementor-column-gap-default\">\n\t\t\t\t\t<div class=\"elementor-column elementor-col-50 elementor-inner-column elementor-element elementor-element-9388137\" data-id=\"9388137\" data-element_type=\"column\" data-e-type=\"column\">\n\t\t\t<div class=\"elementor-widget-wrap elementor-element-populated\">\n\t\t\t\t\t\t<div class=\"elementor-element elementor-element-03c4564 elementor-widget elementor-widget-image\" data-id=\"03c4564\" data-element_type=\"widget\" data-e-type=\"widget\" data-widget_type=\"image.default\">\n\t\t\t\t<div class=\"elementor-widget-container\">\n\t\t\t\t\t\t\t\t\t\t\t\t\t\t\t<img fetchpriority=\"high\" decoding=\"async\" width=\"1024\" height=\"592\" src=\"https:\/\/bregenzer.eu\/wp-content\/uploads\/2024\/03\/AgileReporting-1024x592.jpg\" class=\"attachment-large size-large wp-image-3068\" alt=\"\" srcset=\"https:\/\/bregenzer.eu\/wp-content\/uploads\/2024\/03\/AgileReporting-1024x592.jpg 1024w, https:\/\/bregenzer.eu\/wp-content\/uploads\/2024\/03\/AgileReporting-300x173.jpg 300w, https:\/\/bregenzer.eu\/wp-content\/uploads\/2024\/03\/AgileReporting-768x444.jpg 768w, https:\/\/bregenzer.eu\/wp-content\/uploads\/2024\/03\/AgileReporting-1536x888.jpg 1536w, https:\/\/bregenzer.eu\/wp-content\/uploads\/2024\/03\/AgileReporting-2048x1184.jpg 2048w, https:\/\/bregenzer.eu\/wp-content\/uploads\/2024\/03\/AgileReporting-18x10.jpg 18w\" sizes=\"(max-width: 1024px) 100vw, 1024px\" \/>\t\t\t\t\t\t\t\t\t\t\t\t\t\t\t<\/div>\n\t\t\t\t<\/div>\n\t\t\t\t\t<\/div>\n\t\t<\/div>\n\t\t\t\t<div class=\"elementor-column elementor-col-50 elementor-inner-column elementor-element elementor-element-351be0c\" data-id=\"351be0c\" data-element_type=\"column\" data-e-type=\"column\">\n\t\t\t<div class=\"elementor-widget-wrap elementor-element-populated\">\n\t\t\t\t\t\t<div class=\"elementor-element elementor-element-d326125 elementor-widget elementor-widget-text-editor\" data-id=\"d326125\" data-element_type=\"widget\" data-e-type=\"widget\" data-widget_type=\"text-editor.default\">\n\t\t\t\t<div class=\"elementor-widget-container\">\n\t\t\t\t\t\t\t\t\t<h2>Motivation<\/h2>\t\t\t\t\t\t\t\t<\/div>\n\t\t\t\t<\/div>\n\t\t\t\t<div class=\"elementor-element elementor-element-f3a2f2d elementor-widget elementor-widget-text-editor\" data-id=\"f3a2f2d\" data-element_type=\"widget\" data-e-type=\"widget\" data-widget_type=\"text-editor.default\">\n\t\t\t\t<div class=\"elementor-widget-container\">\n\t\t\t\t\t\t\t\t\tOne of the biggest challenges when introducing agile ways of working or LeSS in large-scale product development is dealing with the interfaces between the organization introducing agile\/LeSS and the surrounding departments, which are tied to milestones in a waterfall-style organization.\n<br>\nThis is the case, for example, if you introduce Scrum, LeSS or another agile way of working in a smaller part of your organization or only in a sub-project. In this case, the product owner often has to enter into agreements or even commitments with specific delivery dates with partners.\t\t\t\t\t\t\t\t<\/div>\n\t\t\t\t<\/div>\n\t\t\t\t\t<\/div>\n\t\t<\/div>\n\t\t\t\t\t<\/div>\n\t\t<\/section>\n\t\t\t\t<div class=\"elementor-element elementor-element-c4b9f51 elementor-widget elementor-widget-text-editor\" data-id=\"c4b9f51\" data-element_type=\"widget\" data-e-type=\"widget\" data-widget_type=\"text-editor.default\">\n\t\t\t\t<div class=\"elementor-widget-container\">\n\t\t\t\t\t\t\t\t\t<p>One possibility is to estimate the effort for all elements in the backlog and measure the velocity of the teams. In this way, the Product Owner could predict when a bundle of tasks related to an agreed milestone will be completed. However, this is highly speculative and defeats any agile approach by introducing an analysis and design phase before the development phase. This is a sequential lifecycle, a waterfall process.<\/p>\n<p class=\"translation-block\">I have been experimenting for more than ten years to solve this problem and to minimize the negative effects. In contrast to the approach of predicting the future with the help of a Monte Carlo simulation, I use a trend-based visualization of the product backlog. This initially increases transparency by showing current progress at the overall level and at three backlog levels. Combined with a statistical approach (standard deviation and queueing theory), forecasts can be made for the worst case, the best case and the probable case. This approach therefore gives an indication of what the future would look like if the organization maintains its behaviour. The aim is to make the organization think: \u201cShould or must we change our behaviour?\u201d. It is therefore not just about producing a report (status report). Rather, it is about reflecting on and adapting the behavior of an organization over time. With this approach, some of my clients are able to determine very quickly and without team estimates how much effort, time or money a new backlog item (topic, feature or user story) or a release cycle will require.<\/p>\t\t\t\t\t\t\t\t<\/div>\n\t\t\t\t<\/div>\n\t\t\t\t<section class=\"elementor-section elementor-inner-section elementor-element elementor-element-87ebd37 elementor-section-boxed elementor-section-height-default elementor-section-height-default\" data-id=\"87ebd37\" data-element_type=\"section\" data-e-type=\"section\">\n\t\t\t\t\t\t<div class=\"elementor-container elementor-column-gap-default\">\n\t\t\t\t\t<div class=\"elementor-column elementor-col-50 elementor-inner-column elementor-element elementor-element-88fda45\" data-id=\"88fda45\" data-element_type=\"column\" data-e-type=\"column\">\n\t\t\t<div class=\"elementor-widget-wrap elementor-element-populated\">\n\t\t\t\t\t\t<div class=\"elementor-element elementor-element-e21a615 elementor-widget elementor-widget-text-editor\" data-id=\"e21a615\" data-element_type=\"widget\" data-e-type=\"widget\" data-widget_type=\"text-editor.default\">\n\t\t\t\t<div class=\"elementor-widget-container\">\n\t\t\t\t\t\t\t\t\t<h2>From Practice<\/h2>\t\t\t\t\t\t\t\t<\/div>\n\t\t\t\t<\/div>\n\t\t\t\t<div class=\"elementor-element elementor-element-29daeda elementor-widget elementor-widget-text-editor\" data-id=\"29daeda\" data-element_type=\"widget\" data-e-type=\"widget\" data-widget_type=\"text-editor.default\">\n\t\t\t\t<div class=\"elementor-widget-container\">\n\t\t\t\t\t\t\t\t\t<p>At the LeSS Conference 2023 in Berlin, Frank Preiss (Domain Agile Master at BMW) and I presented this approach and shared our experiences from practice. <a href=\"https:\/\/www.youtube.com\/watch?v=KcXVS2sNIys\" target=\"_blank\" rel=\"noopener\">Video<\/a><\/p>\t\t\t\t\t\t\t\t<\/div>\n\t\t\t\t<\/div>\n\t\t\t\t<div class=\"elementor-element elementor-element-d0f9b2c elementor-widget elementor-widget-text-editor\" data-id=\"d0f9b2c\" data-element_type=\"widget\" data-e-type=\"widget\" data-widget_type=\"text-editor.default\">\n\t\t\t\t<div class=\"elementor-widget-container\">\n\t\t\t\t\t\t\t\t\t<p><div class='w3eden'><!-- WPDM Link Template: Default Template -->\n\n<div class=\"link-template-default card mb-2\">\n    <div class=\"card-body\">\n        <div class=\"media\">\n            <div class=\"mr-3 img-48\"><img decoding=\"async\" class=\"wpdm_icon\" alt=\"Icon\" src=\"https:\/\/bregenzer.eu\/wp-content\/plugins\/download-manager\/assets\/file-type-icons\/pdf.svg\" \/><\/div>\n            <div class=\"media-body\">\n                <h3 class=\"package-title\"><a href='https:\/\/bregenzer.eu\/en\/download\/less-conference-experiment-backlog-visualization-28-09-2023'>LeSS Conference, Experiment Backlog Visualization 28.09.2023<\/a><\/h3>\n                <div class=\"text-muted text-small\"><i class=\"fas fa-copy\"><\/i> 1 file(s) <i class=\"fas fa-hdd ml-3\"><\/i> 4.00 KB<\/div>\n            <\/div>\n            <div class=\"ml-3\">\n                <a class='wpdm-download-link download-on-click btn btn-primary' rel='nofollow' href='#' data-downloadurl=\"https:\/\/bregenzer.eu\/en\/download\/less-conference-experiment-backlog-visualization-28-09-2023?wpdmdl=3067&#038;refresh=69d459f33bd061775524339\">Download<\/a>\n            <\/div>\n        <\/div>\n    <\/div>\n<\/div>\n\n<\/div><\/p>\t\t\t\t\t\t\t\t<\/div>\n\t\t\t\t<\/div>\n\t\t\t\t\t<\/div>\n\t\t<\/div>\n\t\t\t\t<div class=\"elementor-column elementor-col-50 elementor-inner-column elementor-element elementor-element-aaeb145\" data-id=\"aaeb145\" data-element_type=\"column\" data-e-type=\"column\">\n\t\t\t<div class=\"elementor-widget-wrap elementor-element-populated\">\n\t\t\t\t\t\t<div class=\"elementor-element elementor-element-13c9695 elementor-widget elementor-widget-image\" data-id=\"13c9695\" data-element_type=\"widget\" data-e-type=\"widget\" data-widget_type=\"image.default\">\n\t\t\t\t<div class=\"elementor-widget-container\">\n\t\t\t\t\t\t\t\t\t\t\t\t\t\t\t\t<a href=\"https:\/\/www.youtube.com\/watch?v=KcXVS2sNIys\" target=\"_blank\">\n\t\t\t\t\t\t\t<img decoding=\"async\" width=\"903\" height=\"505\" src=\"https:\/\/bregenzer.eu\/wp-content\/uploads\/2024\/04\/TalkLeSSConference2023.png\" class=\"attachment-large size-large wp-image-3217\" alt=\"\" srcset=\"https:\/\/bregenzer.eu\/wp-content\/uploads\/2024\/04\/TalkLeSSConference2023.png 903w, https:\/\/bregenzer.eu\/wp-content\/uploads\/2024\/04\/TalkLeSSConference2023-300x168.png 300w, https:\/\/bregenzer.eu\/wp-content\/uploads\/2024\/04\/TalkLeSSConference2023-768x430.png 768w, https:\/\/bregenzer.eu\/wp-content\/uploads\/2024\/04\/TalkLeSSConference2023-18x10.png 18w\" sizes=\"(max-width: 903px) 100vw, 903px\" \/>\t\t\t\t\t\t\t\t<\/a>\n\t\t\t\t\t\t\t\t\t\t\t\t\t\t\t<\/div>\n\t\t\t\t<\/div>\n\t\t\t\t\t<\/div>\n\t\t<\/div>\n\t\t\t\t\t<\/div>\n\t\t<\/section>\n\t\t\t\t\t<\/div>\n\t\t<\/div>\n\t\t\t\t\t<\/div>\n\t\t<\/section>\n\t\t\t\t<section class=\"elementor-section elementor-top-section elementor-element elementor-element-269cea1 elementor-section-boxed elementor-section-height-default elementor-section-height-default\" data-id=\"269cea1\" data-element_type=\"section\" data-e-type=\"section\">\n\t\t\t\t\t\t<div class=\"elementor-container elementor-column-gap-default\">\n\t\t\t\t\t<div class=\"elementor-column elementor-col-100 elementor-top-column elementor-element elementor-element-6ed4619\" data-id=\"6ed4619\" data-element_type=\"column\" data-e-type=\"column\">\n\t\t\t<div class=\"elementor-widget-wrap\">\n\t\t\t\t\t\t\t<\/div>\n\t\t<\/div>\n\t\t\t\t\t<\/div>\n\t\t<\/section>\n\t\t\t\t<\/div>","protected":false},"excerpt":{"rendered":"<p>Backlog Visualisierung Experimente Motivation Eine der gr\u00f6\u00dften Herausforderungen bei der Einf\u00fchrung agiler Arbeitsweisen oder von LeSS in der gro\u00df angelegten Produktentwicklung ist der Umgang mit den Schnittstellen zwischen der agilen\/LeSS einf\u00fchrenden Organisation und den umliegenden Abteilungen, die in einer Wasserfall artigen Organisation an Meilensteine gebunden sind. Dies ist z.B. der Fall, wenn Sie Scrum, LeSS [&hellip;]<\/p>\n","protected":false},"author":1,"featured_media":0,"parent":0,"menu_order":0,"comment_status":"closed","ping_status":"closed","template":"","meta":{"ocean_post_layout":"full-screen","ocean_both_sidebars_style":"","ocean_both_sidebars_content_width":0,"ocean_both_sidebars_sidebars_width":0,"ocean_sidebar":"0","ocean_second_sidebar":"0","ocean_disable_margins":"enable","ocean_add_body_class":"","ocean_shortcode_before_top_bar":"","ocean_shortcode_after_top_bar":"","ocean_shortcode_before_header":"","ocean_shortcode_after_header":"","ocean_has_shortcode":"","ocean_shortcode_after_title":"","ocean_shortcode_before_footer_widgets":"","ocean_shortcode_after_footer_widgets":"","ocean_shortcode_before_footer_bottom":"","ocean_shortcode_after_footer_bottom":"","ocean_display_top_bar":"off","ocean_display_header":"default","ocean_header_style":"","ocean_center_header_left_menu":"0","ocean_custom_header_template":"0","ocean_custom_logo":0,"ocean_custom_retina_logo":0,"ocean_custom_logo_max_width":0,"ocean_custom_logo_tablet_max_width":0,"ocean_custom_logo_mobile_max_width":0,"ocean_custom_logo_max_height":0,"ocean_custom_logo_tablet_max_height":0,"ocean_custom_logo_mobile_max_height":0,"ocean_header_custom_menu":"0","ocean_menu_typo_font_family":"0","ocean_menu_typo_font_subset":"","ocean_menu_typo_font_size":0,"ocean_menu_typo_font_size_tablet":0,"ocean_menu_typo_font_size_mobile":0,"ocean_menu_typo_font_size_unit":"px","ocean_menu_typo_font_weight":"","ocean_menu_typo_font_weight_tablet":"","ocean_menu_typo_font_weight_mobile":"","ocean_menu_typo_transform":"","ocean_menu_typo_transform_tablet":"","ocean_menu_typo_transform_mobile":"","ocean_menu_typo_line_height":0,"ocean_menu_typo_line_height_tablet":0,"ocean_menu_typo_line_height_mobile":0,"ocean_menu_typo_line_height_unit":"","ocean_menu_typo_spacing":0,"ocean_menu_typo_spacing_tablet":0,"ocean_menu_typo_spacing_mobile":0,"ocean_menu_typo_spacing_unit":"","ocean_menu_link_color":"","ocean_menu_link_color_hover":"","ocean_menu_link_color_active":"","ocean_menu_link_background":"","ocean_menu_link_hover_background":"","ocean_menu_link_active_background":"","ocean_menu_social_links_bg":"","ocean_menu_social_hover_links_bg":"","ocean_menu_social_links_color":"","ocean_menu_social_hover_links_color":"","ocean_disable_title":"on","ocean_disable_heading":"default","ocean_post_title":"","ocean_post_subheading":"","ocean_post_title_style":"","ocean_post_title_background_color":"","ocean_post_title_background":0,"ocean_post_title_bg_image_position":"","ocean_post_title_bg_image_attachment":"","ocean_post_title_bg_image_repeat":"","ocean_post_title_bg_image_size":"","ocean_post_title_height":0,"ocean_post_title_bg_overlay":0.5,"ocean_post_title_bg_overlay_color":"","ocean_disable_breadcrumbs":"default","ocean_breadcrumbs_color":"","ocean_breadcrumbs_separator_color":"","ocean_breadcrumbs_links_color":"","ocean_breadcrumbs_links_hover_color":"","ocean_display_footer_widgets":"off","ocean_display_footer_bottom":"off","ocean_custom_footer_template":"0","footnotes":""},"class_list":["post-3192","page","type-page","status-publish","hentry","entry"],"_links":{"self":[{"href":"https:\/\/bregenzer.eu\/en\/wp-json\/wp\/v2\/pages\/3192","targetHints":{"allow":["GET"]}}],"collection":[{"href":"https:\/\/bregenzer.eu\/en\/wp-json\/wp\/v2\/pages"}],"about":[{"href":"https:\/\/bregenzer.eu\/en\/wp-json\/wp\/v2\/types\/page"}],"author":[{"embeddable":true,"href":"https:\/\/bregenzer.eu\/en\/wp-json\/wp\/v2\/users\/1"}],"replies":[{"embeddable":true,"href":"https:\/\/bregenzer.eu\/en\/wp-json\/wp\/v2\/comments?post=3192"}],"version-history":[{"count":37,"href":"https:\/\/bregenzer.eu\/en\/wp-json\/wp\/v2\/pages\/3192\/revisions"}],"predecessor-version":[{"id":3390,"href":"https:\/\/bregenzer.eu\/en\/wp-json\/wp\/v2\/pages\/3192\/revisions\/3390"}],"wp:attachment":[{"href":"https:\/\/bregenzer.eu\/en\/wp-json\/wp\/v2\/media?parent=3192"}],"curies":[{"name":"wp","href":"https:\/\/api.w.org\/{rel}","templated":true}]}}